{"id":129,"date":"2021-01-16T18:04:05","date_gmt":"2021-01-16T17:04:05","guid":{"rendered":"https:\/\/pro-elec.net\/?page_id=129"},"modified":"2026-01-24T01:11:23","modified_gmt":"2026-01-24T00:11:23","slug":"tarifs","status":"publish","type":"page","link":"https:\/\/pro-elec.net\/index.php\/accueil\/tarifs\/","title":{"rendered":"Tarifs"},"content":{"rendered":"\n<h1 class=\"wp-block-heading has-text-align-center has-x-large-font-size\">Devis<\/h1>\n\n\n\n<p class=\"has-text-align-center has-large-font-size\"><strong><span style=\"background-color:rgba(0, 0, 0, 0)\" class=\"has-inline-color has-vivid-cyan-blue-color\">GRATUIT<\/span><\/strong> <sup>*<\/sup><\/p>\n\n\n\n<p class=\"has-text-align-center\" style=\"font-size:16px\">(* <em>Hors d\u00e9placement si distance sup\u00e9rieure \u00e0 10km de Biarritz<\/em>.)<\/p>\n\n\n\n<h1 class=\"wp-block-heading has-text-align-center has-large-font-size\">D\u00e9placement (forfaits)<\/h1>\n\n\n\n<p>ZONE 1 : D\u00e9placement de 10km autour de&nbsp;BIARRITZ (64200)<\/p>\n\n\n\n<p class=\"has-text-align-right\">GRATUIT<\/p>\n\n\n\n<p>ZONE 2 : D\u00e9placement de 10km \u00e0 30km autour de&nbsp;BIARRITZ (64200)<\/p>\n\n\n\n<p class=\"has-text-align-right\">20 \u20ac<\/p>\n\n\n\n<p>ZONE 3 : D\u00e9placement de 30km \u00e0 50km autour de&nbsp;BIARRITZ (64200)<\/p>\n\n\n\n<p class=\"has-text-align-right\">40 \u20ac<\/p>\n\n\n\n<p>Au dessus de 50km autour de BIARRITZ (64200) <\/p>\n\n\n\n<p class=\"has-text-align-right\">NOUS CONTACTER<\/p>\n\n\n\n<div style=\"height:34px\" aria-hidden=\"true\" class=\"wp-block-spacer\"><\/div>\n\n\n\n<h1 class=\"wp-block-heading has-text-align-center has-large-font-size\">Etude Compl\u00e8te (sur plans)<\/h1>\n\n\n\n<p class=\"has-text-align-center has-large-font-size\">150\u20ac <\/p>\n\n\n\n<p class=\"has-text-align-center\">(d\u00e9ductibles du montant du chantier)<\/p>\n\n\n\n<h1 class=\"wp-block-heading has-text-align-center\">Main d&rsquo;\u0153uvre<\/h1>\n\n\n\n<h2 class=\"wp-block-heading has-text-align-center\" style=\"font-size:20px\">D\u00e9pannage \/ Intervention<br><em>(Premi\u00e8re heure indivisible puis par tranche de 30mn)<\/em><\/h2>\n\n\n\n<div class=\"wp-block-columns is-layout-flex wp-container-core-columns-is-layout-9d6595d7 wp-block-columns-is-layout-flex\">\n<div class=\"wp-block-column is-layout-flow wp-block-column-is-layout-flow\">\n<p>L,M,M,J,V : 9h-18h<\/p>\n\n\n\n<p class=\"has-text-align-right\">60\u20ac \/H<\/p>\n\n\n\n<p>L,M,M,J,V : 18h-22h + Samedi de 9h-18h (majoration de 50%)<\/p>\n\n\n\n<p class=\"has-text-align-right\">90\u20ac \/H<\/p>\n\n\n\n<p>L,M,M,J,V : 22h-9h + Dimanche et jour f\u00e9ri\u00e9 (majoration de 100%)<\/p>\n\n\n\n<p class=\"has-text-align-right\">120\u20ac \/H<\/p>\n<\/div>\n<\/div>\n\n\n\n<div style=\"height:100px\" aria-hidden=\"true\" class=\"wp-block-spacer\"><\/div>\n\n\n\n<p><\/p>\n","protected":false},"excerpt":{"rendered":"<p>Devis GRATUIT * (* Hors d\u00e9placement si distance sup\u00e9rieure \u00e0 10km de Biarritz.) D\u00e9placement (forfaits) ZONE 1 : D\u00e9placement de 10km autour de&nbsp;BIARRITZ (64200) GRATUIT ZONE 2 : D\u00e9placement de 10km \u00e0 30km autour de&nbsp;BIARRITZ (64200) 20 \u20ac ZONE 3 : D\u00e9placement de 30km \u00e0 50km autour de&nbsp;BIARRITZ (64200) 40 \u20ac Au dessus de 50km <a href=\"https:\/\/pro-elec.net\/index.php\/accueil\/tarifs\/\" class=\"more-link\">&#8230;<\/a><\/p>\n","protected":false},"author":1,"featured_media":0,"parent":50,"menu_order":3,"comment_status":"closed","ping_status":"closed","template":"","meta":{"footnotes":""},"class_list":["post-129","page","type-page","status-publish","hentry"],"yoast_head":"<!-- This site is optimized with the Yoast SEO plugin v27.6 - https:\/\/yoast.com\/product\/yoast-seo-wordpress\/ -->\n<title>Tarifs - P.R.O. ELEC&#039;<\/title>\n<meta name=\"description\" content=\"Tarifs de base pour l&#039;ann\u00e9e.\" \/>\n<meta name=\"robots\" content=\"index, follow, max-snippet:-1, max-image-preview:large, max-video-preview:-1\" \/>\n<link rel=\"canonical\" href=\"https:\/\/pro-elec.net\/index.php\/accueil\/tarifs\/\" \/>\n<meta property=\"og:locale\" content=\"fr_FR\" \/>\n<meta property=\"og:type\" content=\"article\" \/>\n<meta property=\"og:title\" content=\"Tarifs - P.R.O. ELEC&#039;\" \/>\n<meta property=\"og:description\" content=\"Tarifs de base pour l&#039;ann\u00e9e.\" \/>\n<meta property=\"og:url\" content=\"https:\/\/pro-elec.net\/index.php\/accueil\/tarifs\/\" \/>\n<meta property=\"og:site_name\" content=\"P.R.O. ELEC&#039;\" \/>\n<meta property=\"article:publisher\" content=\"https:\/\/www.facebook.com\/PROELEC64\" \/>\n<meta property=\"article:modified_time\" content=\"2026-01-24T00:11:23+00:00\" \/>\n<meta name=\"twitter:card\" content=\"summary_large_image\" \/>\n<meta name=\"twitter:label1\" content=\"Dur\u00e9e de lecture estim\u00e9e\" \/>\n\t<meta name=\"twitter:data1\" content=\"1 minute\" \/>\n<script type=\"application\/ld+json\" class=\"yoast-schema-graph\">{\"@context\":\"https:\\\/\\\/schema.org\",\"@graph\":[{\"@type\":\"WebPage\",\"@id\":\"https:\\\/\\\/pro-elec.net\\\/index.php\\\/accueil\\\/tarifs\\\/\",\"url\":\"https:\\\/\\\/pro-elec.net\\\/index.php\\\/accueil\\\/tarifs\\\/\",\"name\":\"Tarifs - P.R.O. ELEC&#039;\",\"isPartOf\":{\"@id\":\"https:\\\/\\\/pro-elec.net\\\/#website\"},\"datePublished\":\"2021-01-16T17:04:05+00:00\",\"dateModified\":\"2026-01-24T00:11:23+00:00\",\"description\":\"Tarifs de base pour l'ann\u00e9e.\",\"breadcrumb\":{\"@id\":\"https:\\\/\\\/pro-elec.net\\\/index.php\\\/accueil\\\/tarifs\\\/#breadcrumb\"},\"inLanguage\":\"fr-FR\",\"potentialAction\":[{\"@type\":\"ReadAction\",\"target\":[\"https:\\\/\\\/pro-elec.net\\\/index.php\\\/accueil\\\/tarifs\\\/\"]}]},{\"@type\":\"BreadcrumbList\",\"@id\":\"https:\\\/\\\/pro-elec.net\\\/index.php\\\/accueil\\\/tarifs\\\/#breadcrumb\",\"itemListElement\":[{\"@type\":\"ListItem\",\"position\":1,\"name\":\"Accueil\",\"item\":\"https:\\\/\\\/pro-elec.net\\\/\"},{\"@type\":\"ListItem\",\"position\":2,\"name\":\"Accueil\",\"item\":\"https:\\\/\\\/pro-elec.net\\\/\"},{\"@type\":\"ListItem\",\"position\":3,\"name\":\"Tarifs\"}]},{\"@type\":\"WebSite\",\"@id\":\"https:\\\/\\\/pro-elec.net\\\/#website\",\"url\":\"https:\\\/\\\/pro-elec.net\\\/\",\"name\":\"P.R.O. ELEC\",\"description\":\"Artisan - Electricit\u00e9 G\u00e9n\u00e9rale\",\"publisher\":{\"@id\":\"https:\\\/\\\/pro-elec.net\\\/#\\\/schema\\\/person\\\/694cb5ce876756362892255ba648f5cd\"},\"potentialAction\":[{\"@type\":\"SearchAction\",\"target\":{\"@type\":\"EntryPoint\",\"urlTemplate\":\"https:\\\/\\\/pro-elec.net\\\/?s={search_term_string}\"},\"query-input\":{\"@type\":\"PropertyValueSpecification\",\"valueRequired\":true,\"valueName\":\"search_term_string\"}}],\"inLanguage\":\"fr-FR\"},{\"@type\":[\"Person\",\"Organization\"],\"@id\":\"https:\\\/\\\/pro-elec.net\\\/#\\\/schema\\\/person\\\/694cb5ce876756362892255ba648f5cd\",\"name\":\"P.R.O. ELEC'\",\"image\":{\"@type\":\"ImageObject\",\"inLanguage\":\"fr-FR\",\"@id\":\"https:\\\/\\\/secure.gravatar.com\\\/avatar\\\/30863a45f8dd01bab212ecda50d6c3ed017823d5a24d42b398575975b864f6a7?s=96&d=blank&r=g\",\"url\":\"https:\\\/\\\/secure.gravatar.com\\\/avatar\\\/30863a45f8dd01bab212ecda50d6c3ed017823d5a24d42b398575975b864f6a7?s=96&d=blank&r=g\",\"contentUrl\":\"https:\\\/\\\/secure.gravatar.com\\\/avatar\\\/30863a45f8dd01bab212ecda50d6c3ed017823d5a24d42b398575975b864f6a7?s=96&d=blank&r=g\",\"caption\":\"P.R.O. ELEC'\"},\"logo\":{\"@id\":\"https:\\\/\\\/secure.gravatar.com\\\/avatar\\\/30863a45f8dd01bab212ecda50d6c3ed017823d5a24d42b398575975b864f6a7?s=96&d=blank&r=g\"},\"sameAs\":[\"http:\\\/\\\/www.pro-elec.net\",\"https:\\\/\\\/www.facebook.com\\\/PROELEC64\"]}]}<\/script>\n<!-- \/ Yoast SEO plugin. -->","yoast_head_json":{"title":"Tarifs - P.R.O. ELEC&#039;","description":"Tarifs de base pour l'ann\u00e9e.","robots":{"index":"index","follow":"follow","max-snippet":"max-snippet:-1","max-image-preview":"max-image-preview:large","max-video-preview":"max-video-preview:-1"},"canonical":"https:\/\/pro-elec.net\/index.php\/accueil\/tarifs\/","og_locale":"fr_FR","og_type":"article","og_title":"Tarifs - P.R.O. ELEC&#039;","og_description":"Tarifs de base pour l'ann\u00e9e.","og_url":"https:\/\/pro-elec.net\/index.php\/accueil\/tarifs\/","og_site_name":"P.R.O. ELEC&#039;","article_publisher":"https:\/\/www.facebook.com\/PROELEC64","article_modified_time":"2026-01-24T00:11:23+00:00","twitter_card":"summary_large_image","twitter_misc":{"Dur\u00e9e de lecture estim\u00e9e":"1 minute"},"schema":{"@context":"https:\/\/schema.org","@graph":[{"@type":"WebPage","@id":"https:\/\/pro-elec.net\/index.php\/accueil\/tarifs\/","url":"https:\/\/pro-elec.net\/index.php\/accueil\/tarifs\/","name":"Tarifs - P.R.O. ELEC&#039;","isPartOf":{"@id":"https:\/\/pro-elec.net\/#website"},"datePublished":"2021-01-16T17:04:05+00:00","dateModified":"2026-01-24T00:11:23+00:00","description":"Tarifs de base pour l'ann\u00e9e.","breadcrumb":{"@id":"https:\/\/pro-elec.net\/index.php\/accueil\/tarifs\/#breadcrumb"},"inLanguage":"fr-FR","potentialAction":[{"@type":"ReadAction","target":["https:\/\/pro-elec.net\/index.php\/accueil\/tarifs\/"]}]},{"@type":"BreadcrumbList","@id":"https:\/\/pro-elec.net\/index.php\/accueil\/tarifs\/#breadcrumb","itemListElement":[{"@type":"ListItem","position":1,"name":"Accueil","item":"https:\/\/pro-elec.net\/"},{"@type":"ListItem","position":2,"name":"Accueil","item":"https:\/\/pro-elec.net\/"},{"@type":"ListItem","position":3,"name":"Tarifs"}]},{"@type":"WebSite","@id":"https:\/\/pro-elec.net\/#website","url":"https:\/\/pro-elec.net\/","name":"P.R.O. ELEC","description":"Artisan - Electricit\u00e9 G\u00e9n\u00e9rale","publisher":{"@id":"https:\/\/pro-elec.net\/#\/schema\/person\/694cb5ce876756362892255ba648f5cd"},"potentialAction":[{"@type":"SearchAction","target":{"@type":"EntryPoint","urlTemplate":"https:\/\/pro-elec.net\/?s={search_term_string}"},"query-input":{"@type":"PropertyValueSpecification","valueRequired":true,"valueName":"search_term_string"}}],"inLanguage":"fr-FR"},{"@type":["Person","Organization"],"@id":"https:\/\/pro-elec.net\/#\/schema\/person\/694cb5ce876756362892255ba648f5cd","name":"P.R.O. ELEC'","image":{"@type":"ImageObject","inLanguage":"fr-FR","@id":"https:\/\/secure.gravatar.com\/avatar\/30863a45f8dd01bab212ecda50d6c3ed017823d5a24d42b398575975b864f6a7?s=96&d=blank&r=g","url":"https:\/\/secure.gravatar.com\/avatar\/30863a45f8dd01bab212ecda50d6c3ed017823d5a24d42b398575975b864f6a7?s=96&d=blank&r=g","contentUrl":"https:\/\/secure.gravatar.com\/avatar\/30863a45f8dd01bab212ecda50d6c3ed017823d5a24d42b398575975b864f6a7?s=96&d=blank&r=g","caption":"P.R.O. ELEC'"},"logo":{"@id":"https:\/\/secure.gravatar.com\/avatar\/30863a45f8dd01bab212ecda50d6c3ed017823d5a24d42b398575975b864f6a7?s=96&d=blank&r=g"},"sameAs":["http:\/\/www.pro-elec.net","https:\/\/www.facebook.com\/PROELEC64"]}]}},"_links":{"self":[{"href":"https:\/\/pro-elec.net\/index.php\/wp-json\/wp\/v2\/pages\/129","targetHints":{"allow":["GET"]}}],"collection":[{"href":"https:\/\/pro-elec.net\/index.php\/wp-json\/wp\/v2\/pages"}],"about":[{"href":"https:\/\/pro-elec.net\/index.php\/wp-json\/wp\/v2\/types\/page"}],"author":[{"embeddable":true,"href":"https:\/\/pro-elec.net\/index.php\/wp-json\/wp\/v2\/users\/1"}],"replies":[{"embeddable":true,"href":"https:\/\/pro-elec.net\/index.php\/wp-json\/wp\/v2\/comments?post=129"}],"version-history":[{"count":60,"href":"https:\/\/pro-elec.net\/index.php\/wp-json\/wp\/v2\/pages\/129\/revisions"}],"predecessor-version":[{"id":351,"href":"https:\/\/pro-elec.net\/index.php\/wp-json\/wp\/v2\/pages\/129\/revisions\/351"}],"up":[{"embeddable":true,"href":"https:\/\/pro-elec.net\/index.php\/wp-json\/wp\/v2\/pages\/50"}],"wp:attachment":[{"href":"https:\/\/pro-elec.net\/index.php\/wp-json\/wp\/v2\/media?parent=129"}],"curies":[{"name":"wp","href":"https:\/\/api.w.org\/{rel}","templated":true}]}}