{"id":50,"date":"2020-04-04T14:46:25","date_gmt":"2020-04-04T12:46:25","guid":{"rendered":"http:\/\/pro-elec.net\/?page_id=50"},"modified":"2024-01-19T16:11:12","modified_gmt":"2024-01-19T15:11:12","slug":"accueil","status":"publish","type":"page","link":"https:\/\/pro-elec.net\/","title":{"rendered":"Accueil"},"content":{"rendered":"\n<figure class=\"wp-block-gallery aligncenter has-nested-images columns-default wp-block-gallery-1 is-layout-flex wp-block-gallery-is-layout-flex\"><div class=\"wp-block-image is-style-default\">\n<figure class=\"aligncenter size-medium\"><img loading=\"lazy\" decoding=\"async\" width=\"300\" height=\"197\" data-id=\"272\" src=\"https:\/\/pro-elec.net\/wp-content\/uploads\/2024\/01\/P.R.O.-ELEC-magnet-300x197.jpg\" alt=\"\" class=\"wp-image-272\" srcset=\"https:\/\/pro-elec.net\/wp-content\/uploads\/2024\/01\/P.R.O.-ELEC-magnet-300x197.jpg 300w, https:\/\/pro-elec.net\/wp-content\/uploads\/2024\/01\/P.R.O.-ELEC-magnet.jpg 354w\" sizes=\"auto, (max-width: 300px) 100vw, 300px\" \/><\/figure>\n<\/div><\/figure>\n\n\n\n<h2 class=\"wp-block-heading has-text-align-center has-vivid-red-color has-text-color\">Bienvenue<\/h2>\n","protected":false},"excerpt":{"rendered":"<p>Bienvenue<\/p>\n","protected":false},"author":1,"featured_media":0,"parent":0,"menu_order":1,"comment_status":"closed","ping_status":"closed","template":"","meta":{"footnotes":""},"class_list":["post-50","page","type-page","status-publish","hentry"],"yoast_head":"<!-- This site is optimized with the Yoast SEO plugin v27.6 - https:\/\/yoast.com\/product\/yoast-seo-wordpress\/ -->\n<title>Accueil - P.R.O. ELEC&#039;<\/title>\n<meta name=\"description\" content=\"accueil - identification\" \/>\n<meta name=\"robots\" content=\"index, follow, max-snippet:-1, max-image-preview:large, max-video-preview:-1\" \/>\n<link rel=\"canonical\" href=\"https:\/\/pro-elec.net\/\" \/>\n<meta property=\"og:locale\" content=\"fr_FR\" \/>\n<meta property=\"og:type\" content=\"article\" \/>\n<meta property=\"og:title\" content=\"Accueil - P.R.O. ELEC&#039;\" \/>\n<meta property=\"og:description\" content=\"accueil - identification\" \/>\n<meta property=\"og:url\" content=\"https:\/\/pro-elec.net\/\" \/>\n<meta property=\"og:site_name\" content=\"P.R.O. ELEC&#039;\" \/>\n<meta property=\"article:publisher\" content=\"https:\/\/www.facebook.com\/PROELEC64\" \/>\n<meta property=\"article:modified_time\" content=\"2024-01-19T15:11:12+00:00\" \/>\n<meta property=\"og:image\" content=\"https:\/\/pro-elec.net\/wp-content\/uploads\/2024\/01\/P.R.O.-ELEC-magnet-300x197.jpg\" \/>\n<meta name=\"twitter:card\" content=\"summary_large_image\" \/>\n<meta name=\"twitter:label1\" content=\"Dur\u00e9e de lecture estim\u00e9e\" \/>\n\t<meta name=\"twitter:data1\" content=\"1 minute\" \/>\n<script type=\"application\/ld+json\" class=\"yoast-schema-graph\">{\"@context\":\"https:\\\/\\\/schema.org\",\"@graph\":[{\"@type\":\"WebPage\",\"@id\":\"https:\\\/\\\/pro-elec.net\\\/\",\"url\":\"https:\\\/\\\/pro-elec.net\\\/\",\"name\":\"Accueil - P.R.O. ELEC&#039;\",\"isPartOf\":{\"@id\":\"https:\\\/\\\/pro-elec.net\\\/#website\"},\"primaryImageOfPage\":{\"@id\":\"https:\\\/\\\/pro-elec.net\\\/#primaryimage\"},\"image\":{\"@id\":\"https:\\\/\\\/pro-elec.net\\\/#primaryimage\"},\"thumbnailUrl\":\"https:\\\/\\\/pro-elec.net\\\/wp-content\\\/uploads\\\/2024\\\/01\\\/P.R.O.-ELEC-magnet-300x197.jpg\",\"datePublished\":\"2020-04-04T12:46:25+00:00\",\"dateModified\":\"2024-01-19T15:11:12+00:00\",\"description\":\"accueil - identification\",\"breadcrumb\":{\"@id\":\"https:\\\/\\\/pro-elec.net\\\/#breadcrumb\"},\"inLanguage\":\"fr-FR\",\"potentialAction\":[{\"@type\":\"ReadAction\",\"target\":[\"https:\\\/\\\/pro-elec.net\\\/\"]}]},{\"@type\":\"ImageObject\",\"inLanguage\":\"fr-FR\",\"@id\":\"https:\\\/\\\/pro-elec.net\\\/#primaryimage\",\"url\":\"https:\\\/\\\/pro-elec.net\\\/wp-content\\\/uploads\\\/2024\\\/01\\\/P.R.O.-ELEC-magnet.jpg\",\"contentUrl\":\"https:\\\/\\\/pro-elec.net\\\/wp-content\\\/uploads\\\/2024\\\/01\\\/P.R.O.-ELEC-magnet.jpg\",\"width\":354,\"height\":233},{\"@type\":\"BreadcrumbList\",\"@id\":\"https:\\\/\\\/pro-elec.net\\\/#breadcrumb\",\"itemListElement\":[{\"@type\":\"ListItem\",\"position\":1,\"name\":\"Accueil\",\"item\":\"https:\\\/\\\/pro-elec.net\\\/\"},{\"@type\":\"ListItem\",\"position\":2,\"name\":\"Accueil\"}]},{\"@type\":\"WebSite\",\"@id\":\"https:\\\/\\\/pro-elec.net\\\/#website\",\"url\":\"https:\\\/\\\/pro-elec.net\\\/\",\"name\":\"P.R.O. ELEC\",\"description\":\"Artisan - Electricit\u00e9 G\u00e9n\u00e9rale\",\"publisher\":{\"@id\":\"https:\\\/\\\/pro-elec.net\\\/#\\\/schema\\\/person\\\/694cb5ce876756362892255ba648f5cd\"},\"potentialAction\":[{\"@type\":\"SearchAction\",\"target\":{\"@type\":\"EntryPoint\",\"urlTemplate\":\"https:\\\/\\\/pro-elec.net\\\/?s={search_term_string}\"},\"query-input\":{\"@type\":\"PropertyValueSpecification\",\"valueRequired\":true,\"valueName\":\"search_term_string\"}}],\"inLanguage\":\"fr-FR\"},{\"@type\":[\"Person\",\"Organization\"],\"@id\":\"https:\\\/\\\/pro-elec.net\\\/#\\\/schema\\\/person\\\/694cb5ce876756362892255ba648f5cd\",\"name\":\"P.R.O. ELEC'\",\"image\":{\"@type\":\"ImageObject\",\"inLanguage\":\"fr-FR\",\"@id\":\"https:\\\/\\\/secure.gravatar.com\\\/avatar\\\/30863a45f8dd01bab212ecda50d6c3ed017823d5a24d42b398575975b864f6a7?s=96&d=blank&r=g\",\"url\":\"https:\\\/\\\/secure.gravatar.com\\\/avatar\\\/30863a45f8dd01bab212ecda50d6c3ed017823d5a24d42b398575975b864f6a7?s=96&d=blank&r=g\",\"contentUrl\":\"https:\\\/\\\/secure.gravatar.com\\\/avatar\\\/30863a45f8dd01bab212ecda50d6c3ed017823d5a24d42b398575975b864f6a7?s=96&d=blank&r=g\",\"caption\":\"P.R.O. ELEC'\"},\"logo\":{\"@id\":\"https:\\\/\\\/secure.gravatar.com\\\/avatar\\\/30863a45f8dd01bab212ecda50d6c3ed017823d5a24d42b398575975b864f6a7?s=96&d=blank&r=g\"},\"sameAs\":[\"http:\\\/\\\/www.pro-elec.net\",\"https:\\\/\\\/www.facebook.com\\\/PROELEC64\"]}]}<\/script>\n<!-- \/ Yoast SEO plugin. -->","yoast_head_json":{"title":"Accueil - P.R.O. ELEC&#039;","description":"accueil - identification","robots":{"index":"index","follow":"follow","max-snippet":"max-snippet:-1","max-image-preview":"max-image-preview:large","max-video-preview":"max-video-preview:-1"},"canonical":"https:\/\/pro-elec.net\/","og_locale":"fr_FR","og_type":"article","og_title":"Accueil - P.R.O. ELEC&#039;","og_description":"accueil - identification","og_url":"https:\/\/pro-elec.net\/","og_site_name":"P.R.O. ELEC&#039;","article_publisher":"https:\/\/www.facebook.com\/PROELEC64","article_modified_time":"2024-01-19T15:11:12+00:00","og_image":[{"url":"https:\/\/pro-elec.net\/wp-content\/uploads\/2024\/01\/P.R.O.-ELEC-magnet-300x197.jpg","type":"","width":"","height":""}],"twitter_card":"summary_large_image","twitter_misc":{"Dur\u00e9e de lecture estim\u00e9e":"1 minute"},"schema":{"@context":"https:\/\/schema.org","@graph":[{"@type":"WebPage","@id":"https:\/\/pro-elec.net\/","url":"https:\/\/pro-elec.net\/","name":"Accueil - P.R.O. ELEC&#039;","isPartOf":{"@id":"https:\/\/pro-elec.net\/#website"},"primaryImageOfPage":{"@id":"https:\/\/pro-elec.net\/#primaryimage"},"image":{"@id":"https:\/\/pro-elec.net\/#primaryimage"},"thumbnailUrl":"https:\/\/pro-elec.net\/wp-content\/uploads\/2024\/01\/P.R.O.-ELEC-magnet-300x197.jpg","datePublished":"2020-04-04T12:46:25+00:00","dateModified":"2024-01-19T15:11:12+00:00","description":"accueil - identification","breadcrumb":{"@id":"https:\/\/pro-elec.net\/#breadcrumb"},"inLanguage":"fr-FR","potentialAction":[{"@type":"ReadAction","target":["https:\/\/pro-elec.net\/"]}]},{"@type":"ImageObject","inLanguage":"fr-FR","@id":"https:\/\/pro-elec.net\/#primaryimage","url":"https:\/\/pro-elec.net\/wp-content\/uploads\/2024\/01\/P.R.O.-ELEC-magnet.jpg","contentUrl":"https:\/\/pro-elec.net\/wp-content\/uploads\/2024\/01\/P.R.O.-ELEC-magnet.jpg","width":354,"height":233},{"@type":"BreadcrumbList","@id":"https:\/\/pro-elec.net\/#breadcrumb","itemListElement":[{"@type":"ListItem","position":1,"name":"Accueil","item":"https:\/\/pro-elec.net\/"},{"@type":"ListItem","position":2,"name":"Accueil"}]},{"@type":"WebSite","@id":"https:\/\/pro-elec.net\/#website","url":"https:\/\/pro-elec.net\/","name":"P.R.O. ELEC","description":"Artisan - Electricit\u00e9 G\u00e9n\u00e9rale","publisher":{"@id":"https:\/\/pro-elec.net\/#\/schema\/person\/694cb5ce876756362892255ba648f5cd"},"potentialAction":[{"@type":"SearchAction","target":{"@type":"EntryPoint","urlTemplate":"https:\/\/pro-elec.net\/?s={search_term_string}"},"query-input":{"@type":"PropertyValueSpecification","valueRequired":true,"valueName":"search_term_string"}}],"inLanguage":"fr-FR"},{"@type":["Person","Organization"],"@id":"https:\/\/pro-elec.net\/#\/schema\/person\/694cb5ce876756362892255ba648f5cd","name":"P.R.O. ELEC'","image":{"@type":"ImageObject","inLanguage":"fr-FR","@id":"https:\/\/secure.gravatar.com\/avatar\/30863a45f8dd01bab212ecda50d6c3ed017823d5a24d42b398575975b864f6a7?s=96&d=blank&r=g","url":"https:\/\/secure.gravatar.com\/avatar\/30863a45f8dd01bab212ecda50d6c3ed017823d5a24d42b398575975b864f6a7?s=96&d=blank&r=g","contentUrl":"https:\/\/secure.gravatar.com\/avatar\/30863a45f8dd01bab212ecda50d6c3ed017823d5a24d42b398575975b864f6a7?s=96&d=blank&r=g","caption":"P.R.O. ELEC'"},"logo":{"@id":"https:\/\/secure.gravatar.com\/avatar\/30863a45f8dd01bab212ecda50d6c3ed017823d5a24d42b398575975b864f6a7?s=96&d=blank&r=g"},"sameAs":["http:\/\/www.pro-elec.net","https:\/\/www.facebook.com\/PROELEC64"]}]}},"_links":{"self":[{"href":"https:\/\/pro-elec.net\/index.php\/wp-json\/wp\/v2\/pages\/50","targetHints":{"allow":["GET"]}}],"collection":[{"href":"https:\/\/pro-elec.net\/index.php\/wp-json\/wp\/v2\/pages"}],"about":[{"href":"https:\/\/pro-elec.net\/index.php\/wp-json\/wp\/v2\/types\/page"}],"author":[{"embeddable":true,"href":"https:\/\/pro-elec.net\/index.php\/wp-json\/wp\/v2\/users\/1"}],"replies":[{"embeddable":true,"href":"https:\/\/pro-elec.net\/index.php\/wp-json\/wp\/v2\/comments?post=50"}],"version-history":[{"count":13,"href":"https:\/\/pro-elec.net\/index.php\/wp-json\/wp\/v2\/pages\/50\/revisions"}],"predecessor-version":[{"id":280,"href":"https:\/\/pro-elec.net\/index.php\/wp-json\/wp\/v2\/pages\/50\/revisions\/280"}],"wp:attachment":[{"href":"https:\/\/pro-elec.net\/index.php\/wp-json\/wp\/v2\/media?parent=50"}],"curies":[{"name":"wp","href":"https:\/\/api.w.org\/{rel}","templated":true}]}}